{"id":29,"date":"2024-11-05T19:07:22","date_gmt":"2024-11-05T18:07:22","guid":{"rendered":"https:\/\/ordiclinique.com\/?page_id=29"},"modified":"2024-12-05T17:32:12","modified_gmt":"2024-12-05T16:32:12","slug":"a-propos","status":"publish","type":"page","link":"https:\/\/ordiclinique.com\/index.php\/a-propos\/","title":{"rendered":"Qui Suis-je ?"},"content":{"rendered":"\t\t<div data-elementor-type=\"wp-page\" data-elementor-id=\"29\" class=\"elementor elementor-29\">\n\t\t\t\t<div class=\"elementor-element elementor-element-5676cec e-grid e-con-full e-con e-parent\" data-id=\"5676cec\" data-element_type=\"container\">\n\t\t<div class=\"elementor-element elementor-element-3f6979a e-con-full e-flex e-con e-child\" data-id=\"3f6979a\" data-element_type=\"container\">\n\t\t\t\t<div class=\"elementor-element elementor-element-28fd77f elementor-widget elementor-widget-text-editor\" data-id=\"28fd77f\" data-element_type=\"widget\" data-widget_type=\"text-editor.default\">\n\t\t\t\t<div class=\"elementor-widget-container\">\n\t\t\t\t\t\t\t<p><span class=\"s1\">Je me nomme Yann. J\u2019ai bient\u00f4t 20 ans d\u2019exp\u00e9rience en informatique, assistance, r\u00e9paration et vente.<\/span><\/p><ul><li class=\"li2\"><span class=\"s1\">J\u2019interviens principalement \u00e0 domicile. J\u2019ai exerc\u00e9 dans plusieurs magasins o\u00f9 j\u2019ai acquis de l\u2019exp\u00e9rience et de la rigueur.<\/span><\/li><\/ul><ul><li><span class=\"s1\">Situ\u00e9 dans le Loiret, je peux intervenir rapidement en region Centre-val de Loire, dans plusieurs villes comme Beaugency, Meung sur loire, Lailly en val, Villorceau, Messas, Tavers, Cravant, Saint-Ay, Huisseau sur Mauves, Baule, Mer, Muides sur Loire, Avaray, Lestiou, Josnes, etc\u2026\u2026.<\/span><\/li><\/ul><p><span class=\"s1\">N\u2019H\u00e9sitez surtout pas \u00e0 me contacter directement (t\u00e9l\u00e9phone et e-mail en haut de la page) ou via le formulaire de contact situ\u00e9 en haut \u00e0 droite du site.<\/span><\/p>\t\t\t\t\t\t<\/div>\n\t\t\t\t<\/div>\n\t\t\t\t<\/div>\n\t\t\t\t<div class=\"elementor-element elementor-element-23414a8 elementor-widget elementor-widget-image\" data-id=\"23414a8\" data-element_type=\"widget\" data-widget_type=\"image.default\">\n\t\t\t\t<div class=\"elementor-widget-container\">\n\t\t\t\t\t\t\t\t\t\t\t\t\t<img fetchpriority=\"high\" decoding=\"async\" width=\"1024\" height=\"945\" src=\"https:\/\/ordiclinique.com\/wp-content\/uploads\/2024\/12\/Photo-Site-1024x945.jpg\" class=\"attachment-large size-large wp-image-145\" alt=\"\" srcset=\"https:\/\/ordiclinique.com\/wp-content\/uploads\/2024\/12\/Photo-Site-1024x945.jpg 1024w, https:\/\/ordiclinique.com\/wp-content\/uploads\/2024\/12\/Photo-Site-300x277.jpg 300w, https:\/\/ordiclinique.com\/wp-content\/uploads\/2024\/12\/Photo-Site-768x709.jpg 768w, https:\/\/ordiclinique.com\/wp-content\/uploads\/2024\/12\/Photo-Site-1536x1418.jpg 1536w, https:\/\/ordiclinique.com\/wp-content\/uploads\/2024\/12\/Photo-Site-2048x1890.jpg 2048w\" sizes=\"(max-width: 1024px) 100vw, 1024px\" \/>\t\t\t\t\t\t\t\t\t\t\t\t\t<\/div>\n\t\t\t\t<\/div>\n\t\t\t\t<\/div>\n\t\t\t\t<\/div>\n\t\t","protected":false},"excerpt":{"rendered":"<p>Je me nomme Yann. J\u2019ai bient\u00f4t 20 ans d\u2019exp\u00e9rience en informatique, assistance, r\u00e9paration et vente. J\u2019interviens principalement \u00e0 domicile. J\u2019ai exerc\u00e9 dans plusieurs magasins o\u00f9 j\u2019ai acquis de l\u2019exp\u00e9rience et de la rigueur. Situ\u00e9 dans le Loiret, je peux intervenir rapidement en region Centre-val de Loire, dans plusieurs villes comme Beaugency, Meung sur loire, Lailly [&hellip;]<\/p>\n","protected":false},"author":1,"featured_media":0,"parent":0,"menu_order":0,"comment_status":"closed","ping_status":"closed","template":"","meta":{"ocean_post_layout":"","ocean_both_sidebars_style":"","ocean_both_sidebars_content_width":0,"ocean_both_sidebars_sidebars_width":0,"ocean_sidebar":"","ocean_second_sidebar":"","ocean_disable_margins":"enable","ocean_add_body_class":"","ocean_shortcode_before_top_bar":"","ocean_shortcode_after_top_bar":"","ocean_shortcode_before_header":"","ocean_shortcode_after_header":"","ocean_has_shortcode":"","ocean_shortcode_after_title":"","ocean_shortcode_before_footer_widgets":"","ocean_shortcode_after_footer_widgets":"","ocean_shortcode_before_footer_bottom":"","ocean_shortcode_after_footer_bottom":"","ocean_display_top_bar":"default","ocean_display_header":"default","ocean_header_style":"","ocean_center_header_left_menu":"","ocean_custom_header_template":"","ocean_custom_logo":0,"ocean_custom_retina_logo":0,"ocean_custom_logo_max_width":0,"ocean_custom_logo_tablet_max_width":0,"ocean_custom_logo_mobile_max_width":0,"ocean_custom_logo_max_height":0,"ocean_custom_logo_tablet_max_height":0,"ocean_custom_logo_mobile_max_height":0,"ocean_header_custom_menu":"","ocean_menu_typo_font_family":"","ocean_menu_typo_font_subset":"","ocean_menu_typo_font_size":0,"ocean_menu_typo_font_size_tablet":0,"ocean_menu_typo_font_size_mobile":0,"ocean_menu_typo_font_size_unit":"px","ocean_menu_typo_font_weight":"","ocean_menu_typo_font_weight_tablet":"","ocean_menu_typo_font_weight_mobile":"","ocean_menu_typo_transform":"","ocean_menu_typo_transform_tablet":"","ocean_menu_typo_transform_mobile":"","ocean_menu_typo_line_height":0,"ocean_menu_typo_line_height_tablet":0,"ocean_menu_typo_line_height_mobile":0,"ocean_menu_typo_line_height_unit":"","ocean_menu_typo_spacing":0,"ocean_menu_typo_spacing_tablet":0,"ocean_menu_typo_spacing_mobile":0,"ocean_menu_typo_spacing_unit":"","ocean_menu_link_color":"","ocean_menu_link_color_hover":"","ocean_menu_link_color_active":"","ocean_menu_link_background":"","ocean_menu_link_hover_background":"","ocean_menu_link_active_background":"","ocean_menu_social_links_bg":"","ocean_menu_social_hover_links_bg":"","ocean_menu_social_links_color":"","ocean_menu_social_hover_links_color":"","ocean_disable_title":"default","ocean_disable_heading":"default","ocean_post_title":"","ocean_post_subheading":"","ocean_post_title_style":"","ocean_post_title_background_color":"","ocean_post_title_background":0,"ocean_post_title_bg_image_position":"","ocean_post_title_bg_image_attachment":"","ocean_post_title_bg_image_repeat":"","ocean_post_title_bg_image_size":"","ocean_post_title_height":0,"ocean_post_title_bg_overlay":0.5,"ocean_post_title_bg_overlay_color":"","ocean_disable_breadcrumbs":"default","ocean_breadcrumbs_color":"","ocean_breadcrumbs_separator_color":"","ocean_breadcrumbs_links_color":"","ocean_breadcrumbs_links_hover_color":"","ocean_display_footer_widgets":"default","ocean_display_footer_bottom":"default","ocean_custom_footer_template":"","footnotes":""},"class_list":["post-29","page","type-page","status-publish","hentry","entry"],"_links":{"self":[{"href":"https:\/\/ordiclinique.com\/index.php\/wp-json\/wp\/v2\/pages\/29","targetHints":{"allow":["GET"]}}],"collection":[{"href":"https:\/\/ordiclinique.com\/index.php\/wp-json\/wp\/v2\/pages"}],"about":[{"href":"https:\/\/ordiclinique.com\/index.php\/wp-json\/wp\/v2\/types\/page"}],"author":[{"embeddable":true,"href":"https:\/\/ordiclinique.com\/index.php\/wp-json\/wp\/v2\/users\/1"}],"replies":[{"embeddable":true,"href":"https:\/\/ordiclinique.com\/index.php\/wp-json\/wp\/v2\/comments?post=29"}],"version-history":[{"count":23,"href":"https:\/\/ordiclinique.com\/index.php\/wp-json\/wp\/v2\/pages\/29\/revisions"}],"predecessor-version":[{"id":168,"href":"https:\/\/ordiclinique.com\/index.php\/wp-json\/wp\/v2\/pages\/29\/revisions\/168"}],"wp:attachment":[{"href":"https:\/\/ordiclinique.com\/index.php\/wp-json\/wp\/v2\/media?parent=29"}],"curies":[{"name":"wp","href":"https:\/\/api.w.org\/{rel}","templated":true}]}}